{"id":11,"date":"2018-09-17T06:10:09","date_gmt":"2018-09-17T06:10:09","guid":{"rendered":"https:\/\/www.szekelykapuk.ro\/?page_id=11"},"modified":"2019-03-26T08:10:17","modified_gmt":"2019-03-26T08:10:17","slug":"kapumentes","status":"publish","type":"page","link":"https:\/\/www.portisecuiesti.ro\/index.php\/kapumentes\/","title":{"rendered":"Kapument\u00e9s"},"content":{"rendered":"<table width=\"516\">\n<tbody>\n<tr>\n<td colspan=\"5\" width=\"516\"><strong>Sz\u00e9kelykapus program<\/strong><\/td>\n<\/tr>\n<tr>\n<td colspan=\"5\"><em><strong>Vissza nem t\u00e9r\u00edtend\u0151 t\u00e1mogat\u00e1sok a Hargita Megy\u00e9\u00e9rt Egyes\u00fclet gondoz\u00e1s\u00e1ban<\/strong><\/em><\/td>\n<\/tr>\n<tr>\n<td width=\"64\">\u00c9v<\/td>\n<td width=\"198\">T\u00e1mogat\u00e1si szerz\u0151d\u00e9s<\/td>\n<td width=\"74\">t\u00e1mogat\u00e1s \u00f6sszege<\/td>\n<td width=\"116\">fel\u00faj\u00edtott kapuk sz\u00e1ma<\/td>\n<td width=\"64\"><\/td>\n<\/tr>\n<tr>\n<td width=\"64\">2015<\/td>\n<td width=\"198\">BGA 1385\/5\/2015<\/td>\n<td width=\"74\">6,000,000<\/td>\n<td width=\"116\">9<\/td>\n<td width=\"64\"><\/td>\n<\/tr>\n<tr>\n<td width=\"64\"><\/td>\n<td width=\"198\">BGA 2224\/2015<\/td>\n<td width=\"74\">1,500,000<\/td>\n<td width=\"116\">11<\/td>\n<td width=\"64\"><\/td>\n<\/tr>\n<tr>\n<td width=\"64\">2016<\/td>\n<td width=\"198\">Nemzetpolitikai \u00c1llamtitk\u00e1rs\u00e1g GF\/JSZF\/346\/3<\/td>\n<td width=\"74\">5,000,000<\/td>\n<td width=\"116\">9<\/td>\n<td width=\"64\"><\/td>\n<\/tr>\n<tr>\n<td width=\"64\">2017<\/td>\n<td width=\"198\">BGA 6453\/5\/2017<\/td>\n<td width=\"74\">5,000,000<\/td>\n<td width=\"116\">11<\/td>\n<td width=\"64\"><\/td>\n<\/tr>\n<tr>\n<td width=\"64\">2018<\/td>\n<td width=\"198\">BGA 7712\/4\/2018<\/td>\n<td width=\"74\">5,000,000<\/td>\n<td width=\"116\">14<\/td>\n<td width=\"64\"><\/td>\n<\/tr>\n<tr>\n<td colspan=\"2\" width=\"262\">\u00d6sszesen<\/td>\n<td width=\"74\">22,500,000<\/td>\n<td width=\"116\">RON<\/td>\n<td width=\"64\">337500<\/td>\n<\/tr>\n<\/tbody>\n<\/table>\n<p><img fetchpriority=\"high\" decoding=\"async\" class=\"aligncenter wp-image-3499 size-large\" src=\"https:\/\/www.portisecuiesti.ro\/wp-content\/uploads\/2019\/03\/Untitled-4-1024x426.jpg\" alt=\"\" width=\"1024\" height=\"426\" srcset=\"https:\/\/www.portisecuiesti.ro\/wp-content\/uploads\/2019\/03\/Untitled-4-1024x426.jpg 1024w, https:\/\/www.portisecuiesti.ro\/wp-content\/uploads\/2019\/03\/Untitled-4-300x125.jpg 300w, https:\/\/www.portisecuiesti.ro\/wp-content\/uploads\/2019\/03\/Untitled-4-768x320.jpg 768w, https:\/\/www.portisecuiesti.ro\/wp-content\/uploads\/2019\/03\/Untitled-4-200x83.jpg 200w\" sizes=\"(max-width: 1024px) 100vw, 1024px\" \/><\/p>\n","protected":false},"excerpt":{"rendered":"<p>Sz\u00e9kelykapus program Vissza nem t\u00e9r\u00edtend\u0151 t\u00e1mogat\u00e1sok a Hargita Megy\u00e9\u00e9rt Egyes\u00fclet gondoz\u00e1s\u00e1ban \u00c9v T\u00e1mogat\u00e1si szerz\u0151d\u00e9s t\u00e1mogat\u00e1s \u00f6sszege fel\u00faj\u00edtott kapuk sz\u00e1ma 2015 BGA 1385\/5\/2015 6,000,000 9 BGA 2224\/2015 1,500,000 11 2016 Nemzetpolitikai \u00c1llamtitk\u00e1rs\u00e1g GF\/JSZF\/346\/3 5,000,000 9 2017 BGA 6453\/5\/2017 5,000,000 11 2018 BGA 7712\/4\/2018 5,000,000 14 \u00d6sszesen 22,500,000 RON 337500<\/p>\n","protected":false},"author":1,"featured_media":28,"parent":0,"menu_order":0,"comment_status":"closed","ping_status":"closed","template":"","meta":{"_bbp_topic_count":0,"_bbp_reply_count":0,"_bbp_total_topic_count":0,"_bbp_total_reply_count":0,"_bbp_voice_count":0,"_bbp_anonymous_reply_count":0,"_bbp_topic_count_hidden":0,"_bbp_reply_count_hidden":0,"_bbp_forum_subforum_count":0,"footnotes":""},"_links":{"self":[{"href":"https:\/\/www.portisecuiesti.ro\/index.php\/wp-json\/wp\/v2\/pages\/11"}],"collection":[{"href":"https:\/\/www.portisecuiesti.ro\/index.php\/wp-json\/wp\/v2\/pages"}],"about":[{"href":"https:\/\/www.portisecuiesti.ro\/index.php\/wp-json\/wp\/v2\/types\/page"}],"author":[{"embeddable":true,"href":"https:\/\/www.portisecuiesti.ro\/index.php\/wp-json\/wp\/v2\/users\/1"}],"replies":[{"embeddable":true,"href":"https:\/\/www.portisecuiesti.ro\/index.php\/wp-json\/wp\/v2\/comments?post=11"}],"version-history":[{"count":5,"href":"https:\/\/www.portisecuiesti.ro\/index.php\/wp-json\/wp\/v2\/pages\/11\/revisions"}],"predecessor-version":[{"id":3500,"href":"https:\/\/www.portisecuiesti.ro\/index.php\/wp-json\/wp\/v2\/pages\/11\/revisions\/3500"}],"wp:featuredmedia":[{"embeddable":true,"href":"https:\/\/www.portisecuiesti.ro\/index.php\/wp-json\/wp\/v2\/media\/28"}],"wp:attachment":[{"href":"https:\/\/www.portisecuiesti.ro\/index.php\/wp-json\/wp\/v2\/media?parent=11"}],"curies":[{"name":"wp","href":"https:\/\/api.w.org\/{rel}","templated":true}]}}