{"id":13,"date":"2018-09-17T06:10:41","date_gmt":"2018-09-17T06:10:41","guid":{"rendered":"https:\/\/www.szekelykapuk.ro\/?page_id=13"},"modified":"2019-03-18T08:27:17","modified_gmt":"2019-03-18T08:27:17","slug":"egyesuletrol","status":"publish","type":"page","link":"https:\/\/www.portisecuiesti.ro\/index.php\/egyesuletrol\/","title":{"rendered":"EGYES\u00dcLETR\u0150L"},"content":{"rendered":"<p>A Hargita Megy\u00e9\u00e9rt Egyes\u00fclet 2002 \u00f3ta m\u0171k\u00f6d\u0151\u00a0szervezet, amelynek c\u00e9lja olyan programok, illetve projektek lebonyol\u00edt\u00e1sa, amelyek \u00e1ltal javulhat a megye lakoss\u00e1g\u00e1nak \u00e9letmin\u0151s\u00e9ge. Mindezekben az egyes\u00fclet egy\u00fcttm\u0171k\u00f6dik Hargita Megye Tan\u00e1cs\u00e1val \u00e9s t\u00f6bb civil szervezettel.<\/p>\n<p>C\u00e9lunk, hogy kihaszn\u00e1ljuk a p\u00e1ly\u00e1zati lehet\u0151s\u00e9geket min\u00e9l t\u00f6bb forr\u00e1s bevon\u00e1s\u00e1val. Egyes\u00fclet\u00fcnk \u2013 amint azt a neve is mutatja \u2013 a megye \u00e9rdek\u00e9ben fejti ki tev\u00e9kenys\u00e9g\u00e9t, t\u00f6bb ter\u00fcleten.<\/p>\n<p><a href=\"http:\/\/hargitamegyeert.ro\/hu\/wp-content\/uploads\/2018\/09\/raport-de-activitate-FINAL-2017-1.pdf\">Tev\u00e9kenys\u00e9gi besz\u00e1mol\u00f3<\/a><\/p>\n","protected":false},"excerpt":{"rendered":"<p>A Hargita Megy\u00e9\u00e9rt Egyes\u00fclet 2002 \u00f3ta m\u0171k\u00f6d\u0151\u00a0szervezet, amelynek c\u00e9lja olyan programok, illetve projektek lebonyol\u00edt\u00e1sa, amelyek \u00e1ltal javulhat a megye lakoss\u00e1g\u00e1nak \u00e9letmin\u0151s\u00e9ge. Mindezekben az egyes\u00fclet egy\u00fcttm\u0171k\u00f6dik Hargita Megye Tan\u00e1cs\u00e1val \u00e9s t\u00f6bb civil szervezettel. C\u00e9lunk, hogy kihaszn\u00e1ljuk a p\u00e1ly\u00e1zati lehet\u0151s\u00e9geket min\u00e9l t\u00f6bb forr\u00e1s bevon\u00e1s\u00e1val. Egyes\u00fclet\u00fcnk \u2013 amint azt a neve is mutatja \u2013 a megye \u00e9rdek\u00e9ben fejti [&hellip;]<\/p>\n","protected":false},"author":1,"featured_media":0,"parent":0,"menu_order":0,"comment_status":"closed","ping_status":"closed","template":"","meta":{"_bbp_topic_count":0,"_bbp_reply_count":0,"_bbp_total_topic_count":0,"_bbp_total_reply_count":0,"_bbp_voice_count":0,"_bbp_anonymous_reply_count":0,"_bbp_topic_count_hidden":0,"_bbp_reply_count_hidden":0,"_bbp_forum_subforum_count":0,"footnotes":""},"_links":{"self":[{"href":"https:\/\/www.portisecuiesti.ro\/index.php\/wp-json\/wp\/v2\/pages\/13"}],"collection":[{"href":"https:\/\/www.portisecuiesti.ro\/index.php\/wp-json\/wp\/v2\/pages"}],"about":[{"href":"https:\/\/www.portisecuiesti.ro\/index.php\/wp-json\/wp\/v2\/types\/page"}],"author":[{"embeddable":true,"href":"https:\/\/www.portisecuiesti.ro\/index.php\/wp-json\/wp\/v2\/users\/1"}],"replies":[{"embeddable":true,"href":"https:\/\/www.portisecuiesti.ro\/index.php\/wp-json\/wp\/v2\/comments?post=13"}],"version-history":[{"count":3,"href":"https:\/\/www.portisecuiesti.ro\/index.php\/wp-json\/wp\/v2\/pages\/13\/revisions"}],"predecessor-version":[{"id":3416,"href":"https:\/\/www.portisecuiesti.ro\/index.php\/wp-json\/wp\/v2\/pages\/13\/revisions\/3416"}],"wp:attachment":[{"href":"https:\/\/www.portisecuiesti.ro\/index.php\/wp-json\/wp\/v2\/media?parent=13"}],"curies":[{"name":"wp","href":"https:\/\/api.w.org\/{rel}","templated":true}]}}