{"id":3079,"date":"2018-09-18T08:19:43","date_gmt":"2018-09-18T08:19:43","guid":{"rendered":"https:\/\/www.szekelykapuk.ro\/?page_id=3079"},"modified":"2018-09-21T14:50:35","modified_gmt":"2018-09-21T14:50:35","slug":"fooldal","status":"publish","type":"page","link":"https:\/\/www.portisecuiesti.ro\/","title":{"rendered":"Fooldal"},"content":{"rendered":"<p>[vc_row el_class=&#8221;td-travel-slider&#8221; tdc_css=&#8221;eyJhbGwiOnsibWFyZ2luLWJvdHRvbSI6IjcyIn19&#8243;][vc_column][vc_images_carousel images=&#8221;3293,3290,3289,3292&#8243; img_size=&#8221;950&#215;350&#8243; onclick=&#8221;link_no&#8221; speed=&#8221;4000&#8243; autoplay=&#8221;yes&#8221; wrap=&#8221;yes&#8221; css_animation=&#8221;none&#8221; css=&#8221;.vc_custom_1537541432898{border-radius: 1px !important;}&#8221;][\/vc_column][\/vc_row][vc_row][vc_column]<div class=\" bs-listing bs-listing-modern-grid-listing-6 bs-listing-single-tab\">\t<div class=\"listing listing-modern-grid listing-modern-grid-6 clearfix slider-overlay-simple-gr bsw-6\">\n\t\t\t\t<div class=\"mg-col mg-col-1\">\n\t\t\t\t<article class=\"post-3969 type-post format-standard has-post-thumbnail  listing-item-1 listing-item listing-mg-item listing-mg-6-item listing-mg-type-1 main-term-3\">\n\t<div class=\"item-content\">\n\t\t<a  title=\"Hungarikum lett kultur\u00e1lis \u00f6r\u00f6ks\u00e9g\u00fcnk, a sz\u00e9kely kapu\" data-src=\"https:\/\/www.portisecuiesti.ro\/wp-content\/uploads\/2023\/10\/393573856_731523639016378_6141987273315393322_n-750x430.jpg\" data-bs-srcset=\"{&quot;baseurl&quot;:&quot;https:\\\/\\\/www.portisecuiesti.ro\\\/wp-content\\\/uploads\\\/2023\\\/10\\\/&quot;,&quot;sizes&quot;:{&quot;210&quot;:&quot;393573856_731523639016378_6141987273315393322_n-210x136.jpg&quot;,&quot;279&quot;:&quot;393573856_731523639016378_6141987273315393322_n-279x220.jpg&quot;,&quot;357&quot;:&quot;393573856_731523639016378_6141987273315393322_n-357x210.jpg&quot;,&quot;750&quot;:&quot;393573856_731523639016378_6141987273315393322_n-750x430.jpg&quot;,&quot;1456&quot;:&quot;393573856_731523639016378_6141987273315393322_n.jpg&quot;}}\"\t\t\t\tclass=\"img-cont\" href=\"https:\/\/www.portisecuiesti.ro\/index.php\/2023\/10\/18\/hungarikum-lett-kulturalis-oroksegunk-a-szekely-kapu\/\"><\/a>\n\t\t<div class=\"term-badges floated\"><span class=\"term-badge term-3\"><a href=\"https:\/\/www.portisecuiesti.ro\/index.php\/category\/hirek\/\">H\u00edrek<\/a><\/span><\/div>\t\t<div class=\"content-container\">\n\t\t\t<h2 class=\"title\">\t\t\t<a href=\"https:\/\/www.portisecuiesti.ro\/index.php\/2023\/10\/18\/hungarikum-lett-kulturalis-oroksegunk-a-szekely-kapu\/\" class=\"post-url post-title\">\n\t\t\t\tHungarikum lett kultur\u00e1lis \u00f6r\u00f6ks\u00e9g\u00fcnk, a sz\u00e9kely kapu\t\t\t<\/a>\n\t\t\t<\/h2>\t\t<div class=\"post-meta\">\n\n\t\t\t\t\t\t\t<a href=\"https:\/\/www.portisecuiesti.ro\/index.php\/author\/hme_r900c113\/\"\n\t\t\t\t   title=\"Tall\u00f3z\u00e1s Szerz\u0151 cikkek\"\n\t\t\t\t   class=\"post-author-a\">\n\t\t\t\t\t<i class=\"post-author author\">\n\t\t\t\t\t\tadmin\t\t\t\t\t<\/i>\n\t\t\t\t<\/a>\n\t\t\t\t\t\t\t<span class=\"time\"><time class=\"post-published updated\"\n\t\t\t\t                         datetime=\"2023-10-18T12:48:20+00:00\">Oct 18, 2023<\/time><\/span>\n\t\t\t\t<a href=\"https:\/\/www.portisecuiesti.ro\/index.php\/2023\/10\/18\/hungarikum-lett-kulturalis-oroksegunk-a-szekely-kapu\/#respond\" title=\"Sz\u00f3lj hozz\u00e1 a &quot;Hungarikum lett kultur\u00e1lis \u00f6r\u00f6ks\u00e9g\u00fcnk, a sz\u00e9kely kapu&quot;\" class=\"comments\"><i class=\"fa fa-comments-o\"><\/i> 0<\/a>\t\t<\/div>\n\t\t\t\t<\/div>\n\t<\/div>\n\t<\/article >\n\t\t<\/div>\n\t\t<div class=\"mg-col mg-col-2\">\n\t\t\t\t<article class=\"post-3964 type-post format-standard has-post-thumbnail  listing-item-2 listing-item listing-mg-item listing-mg-6-item listing-mg-type-1 main-term-3\">\n\t<div class=\"item-content\">\n\t\t<a  title=\"Sz\u00e9kelykapu-fel\u00faj\u00edt\u00e1si projekt\u00fcnk k\u00f6vetkez\u0151 \u00e9rt\u00e9kment\u0151 \u00e1llom\u00e1sa \u00d3cfalva\" data-src=\"https:\/\/www.portisecuiesti.ro\/wp-content\/uploads\/2023\/08\/365780760_690535613115181_5616713968476170730_n-750x430.jpg\" data-bs-srcset=\"{&quot;baseurl&quot;:&quot;https:\\\/\\\/www.portisecuiesti.ro\\\/wp-content\\\/uploads\\\/2023\\\/08\\\/&quot;,&quot;sizes&quot;:{&quot;210&quot;:&quot;365780760_690535613115181_5616713968476170730_n-210x136.jpg&quot;,&quot;279&quot;:&quot;365780760_690535613115181_5616713968476170730_n-279x220.jpg&quot;,&quot;357&quot;:&quot;365780760_690535613115181_5616713968476170730_n-357x210.jpg&quot;,&quot;750&quot;:&quot;365780760_690535613115181_5616713968476170730_n-750x430.jpg&quot;,&quot;1600&quot;:&quot;365780760_690535613115181_5616713968476170730_n.jpg&quot;}}\"\t\t\t\tclass=\"img-cont\" href=\"https:\/\/www.portisecuiesti.ro\/index.php\/2023\/08\/10\/szekelykapu-felujitasi-projektunk-kovetkezo-ertekmento-allomasa-ocfalva\/\"><\/a>\n\t\t<div class=\"term-badges floated\"><span class=\"term-badge term-3\"><a href=\"https:\/\/www.portisecuiesti.ro\/index.php\/category\/hirek\/\">H\u00edrek<\/a><\/span><\/div>\t\t<div class=\"content-container\">\n\t\t\t<h2 class=\"title\">\t\t\t<a href=\"https:\/\/www.portisecuiesti.ro\/index.php\/2023\/08\/10\/szekelykapu-felujitasi-projektunk-kovetkezo-ertekmento-allomasa-ocfalva\/\" class=\"post-url post-title\">\n\t\t\t\tSz\u00e9kelykapu-fel\u00faj\u00edt\u00e1si projekt\u00fcnk k\u00f6vetkez\u0151 \u00e9rt\u00e9kment\u0151 \u00e1llom\u00e1sa \u00d3cfalva\t\t\t<\/a>\n\t\t\t<\/h2>\t\t<div class=\"post-meta\">\n\n\t\t\t\t\t\t\t<a href=\"https:\/\/www.portisecuiesti.ro\/index.php\/author\/hme_r900c113\/\"\n\t\t\t\t   title=\"Tall\u00f3z\u00e1s Szerz\u0151 cikkek\"\n\t\t\t\t   class=\"post-author-a\">\n\t\t\t\t\t<i class=\"post-author author\">\n\t\t\t\t\t\tadmin\t\t\t\t\t<\/i>\n\t\t\t\t<\/a>\n\t\t\t\t\t\t\t<span class=\"time\"><time class=\"post-published updated\"\n\t\t\t\t                         datetime=\"2023-08-10T06:13:32+00:00\">Aug 10, 2023<\/time><\/span>\n\t\t\t\t<a href=\"https:\/\/www.portisecuiesti.ro\/index.php\/2023\/08\/10\/szekelykapu-felujitasi-projektunk-kovetkezo-ertekmento-allomasa-ocfalva\/#respond\" title=\"Sz\u00f3lj hozz\u00e1 a &quot;Sz\u00e9kelykapu-fel\u00faj\u00edt\u00e1si projekt\u00fcnk k\u00f6vetkez\u0151 \u00e9rt\u00e9kment\u0151 \u00e1llom\u00e1sa \u00d3cfalva&quot;\" class=\"comments\"><i class=\"fa fa-comments-o\"><\/i> 0<\/a>\t\t<\/div>\n\t\t\t\t<\/div>\n\t<\/div>\n\t<\/article >\n\t\t<\/div>\n\t<\/div>\n<\/div>[\/vc_column][\/vc_row][vc_row][vc_column][vc_text_separator title=&#8221;T\u00e1mogat\u00f3k &#8211; Partnerek&#8221; color=&#8221;chino&#8221; border_width=&#8221;2&#8243;]<div class=\"lshowcase-clear-both\">&nbsp;<\/div><div class=\"lshowcase-logos \"><div  ><div data-logo-id='3333' class='lshowcase-wrap-normal '><div class=\"lshowcase-box-normal\"><div class=\"lshowcase-boxInner-normal\" style=\"width:200px; text-align:center;\"><img src='https:\/\/www.portisecuiesti.ro\/wp-content\/uploads\/2018\/09\/mna_logo.png'  width='200'  height = '104'  alt='Nemzetpolitikai' title='' class='lshowcase-boxhighlight'  \/><\/div><\/div><\/div><div data-logo-id='3334' class='lshowcase-wrap-normal '><div class=\"lshowcase-box-normal\"><div class=\"lshowcase-boxInner-normal\" style=\"width:200px; text-align:center;\"><img src='https:\/\/www.portisecuiesti.ro\/wp-content\/uploads\/2018\/09\/325-bga-700-200x50.jpg'  width='200'  height = '50'  alt='bga' title='' class='lshowcase-boxhighlight' style='height:auto; max-width:600%;' \/><\/div><\/div><\/div><div data-logo-id='3351' class='lshowcase-wrap-normal '><div class=\"lshowcase-box-normal\"><div class=\"lshowcase-boxInner-normal\" style=\"width:200px; text-align:center;\"><img src='https:\/\/www.portisecuiesti.ro\/wp-content\/uploads\/2018\/09\/kolik-200x183.jpg'  width='200'  height = '183'  alt='kolik' title='' class='lshowcase-boxhighlight' style='height:auto; max-width:40%;' \/><\/div><\/div><\/div><\/div><\/div><div class=\"lshowcase-clear-both\">&nbsp;<\/div>[\/vc_column][\/vc_row]<\/p>\n","protected":false},"excerpt":{"rendered":"<p>[vc_row el_class=&#8221;td-travel-slider&#8221; tdc_css=&#8221;eyJhbGwiOnsibWFyZ2luLWJvdHRvbSI6IjcyIn19&#8243;][vc_column][vc_images_carousel images=&#8221;3293,3290,3289,3292&#8243; img_size=&#8221;950&#215;350&#8243; onclick=&#8221;link_no&#8221; speed=&#8221;4000&#8243; autoplay=&#8221;yes&#8221; wrap=&#8221;yes&#8221; css_animation=&#8221;none&#8221; css=&#8221;.vc_custom_1537541432898{border-radius: 1px !important;}&#8221;][\/vc_column][\/vc_row][vc_row][vc_column][\/vc_column][\/vc_row][vc_row][vc_column][vc_text_separator title=&#8221;T\u00e1mogat\u00f3k &#8211; Partnerek&#8221; color=&#8221;chino&#8221; border_width=&#8221;2&#8243;][\/vc_column][\/vc_row]<\/p>\n","protected":false},"author":1,"featured_media":0,"parent":0,"menu_order":0,"comment_status":"closed","ping_status":"closed","template":"","meta":{"_bbp_topic_count":0,"_bbp_reply_count":0,"_bbp_total_topic_count":0,"_bbp_total_reply_count":0,"_bbp_voice_count":0,"_bbp_anonymous_reply_count":0,"_bbp_topic_count_hidden":0,"_bbp_reply_count_hidden":0,"_bbp_forum_subforum_count":0,"footnotes":""},"_links":{"self":[{"href":"https:\/\/www.portisecuiesti.ro\/index.php\/wp-json\/wp\/v2\/pages\/3079"}],"collection":[{"href":"https:\/\/www.portisecuiesti.ro\/index.php\/wp-json\/wp\/v2\/pages"}],"about":[{"href":"https:\/\/www.portisecuiesti.ro\/index.php\/wp-json\/wp\/v2\/types\/page"}],"author":[{"embeddable":true,"href":"https:\/\/www.portisecuiesti.ro\/index.php\/wp-json\/wp\/v2\/users\/1"}],"replies":[{"embeddable":true,"href":"https:\/\/www.portisecuiesti.ro\/index.php\/wp-json\/wp\/v2\/comments?post=3079"}],"version-history":[{"count":48,"href":"https:\/\/www.portisecuiesti.ro\/index.php\/wp-json\/wp\/v2\/pages\/3079\/revisions"}],"predecessor-version":[{"id":3371,"href":"https:\/\/www.portisecuiesti.ro\/index.php\/wp-json\/wp\/v2\/pages\/3079\/revisions\/3371"}],"wp:attachment":[{"href":"https:\/\/www.portisecuiesti.ro\/index.php\/wp-json\/wp\/v2\/media?parent=3079"}],"curies":[{"name":"wp","href":"https:\/\/api.w.org\/{rel}","templated":true}]}}