{"id":3491,"date":"2019-03-22T08:55:40","date_gmt":"2019-03-22T08:55:40","guid":{"rendered":"https:\/\/www.szekelykapuk.ro\/?page_id=3491"},"modified":"2019-03-22T08:55:40","modified_gmt":"2019-03-22T08:55:40","slug":"12-2","status":"publish","type":"page","link":"https:\/\/www.portisecuiesti.ro\/index.php\/12-2\/","title":{"rendered":"12."},"content":{"rendered":"<p><strong>Farkaslaka Tam\u00e1si \u00c1ron eml\u00e9km\u0171v\u00e9hez k\u00f6zeledve tal\u00e1lhat\u00f3<\/strong><\/p>\n<p><img fetchpriority=\"high\" decoding=\"async\" class=\"aligncenter wp-image-3492 size-large\" src=\"https:\/\/www.portisecuiesti.ro\/wp-content\/uploads\/2019\/03\/FB_IMG_1553076031736-1024x683.jpg\" alt=\"\" width=\"1024\" height=\"683\" srcset=\"https:\/\/www.portisecuiesti.ro\/wp-content\/uploads\/2019\/03\/FB_IMG_1553076031736-1024x683.jpg 1024w, https:\/\/www.portisecuiesti.ro\/wp-content\/uploads\/2019\/03\/FB_IMG_1553076031736-300x200.jpg 300w, https:\/\/www.portisecuiesti.ro\/wp-content\/uploads\/2019\/03\/FB_IMG_1553076031736-768x512.jpg 768w, https:\/\/www.portisecuiesti.ro\/wp-content\/uploads\/2019\/03\/FB_IMG_1553076031736-200x133.jpg 200w, https:\/\/www.portisecuiesti.ro\/wp-content\/uploads\/2019\/03\/FB_IMG_1553076031736-272x182.jpg 272w, https:\/\/www.portisecuiesti.ro\/wp-content\/uploads\/2019\/03\/FB_IMG_1553076031736.jpg 1080w\" sizes=\"(max-width: 1024px) 100vw, 1024px\" \/><\/p>\n","protected":false},"excerpt":{"rendered":"<p>Farkaslaka Tam\u00e1si \u00c1ron eml\u00e9km\u0171v\u00e9hez k\u00f6zeledve tal\u00e1lhat\u00f3<\/p>\n","protected":false},"author":1,"featured_media":0,"parent":0,"menu_order":0,"comment_status":"closed","ping_status":"closed","template":"","meta":{"_bbp_topic_count":0,"_bbp_reply_count":0,"_bbp_total_topic_count":0,"_bbp_total_reply_count":0,"_bbp_voice_count":0,"_bbp_anonymous_reply_count":0,"_bbp_topic_count_hidden":0,"_bbp_reply_count_hidden":0,"_bbp_forum_subforum_count":0,"footnotes":""},"_links":{"self":[{"href":"https:\/\/www.portisecuiesti.ro\/index.php\/wp-json\/wp\/v2\/pages\/3491"}],"collection":[{"href":"https:\/\/www.portisecuiesti.ro\/index.php\/wp-json\/wp\/v2\/pages"}],"about":[{"href":"https:\/\/www.portisecuiesti.ro\/index.php\/wp-json\/wp\/v2\/types\/page"}],"author":[{"embeddable":true,"href":"https:\/\/www.portisecuiesti.ro\/index.php\/wp-json\/wp\/v2\/users\/1"}],"replies":[{"embeddable":true,"href":"https:\/\/www.portisecuiesti.ro\/index.php\/wp-json\/wp\/v2\/comments?post=3491"}],"version-history":[{"count":1,"href":"https:\/\/www.portisecuiesti.ro\/index.php\/wp-json\/wp\/v2\/pages\/3491\/revisions"}],"predecessor-version":[{"id":3493,"href":"https:\/\/www.portisecuiesti.ro\/index.php\/wp-json\/wp\/v2\/pages\/3491\/revisions\/3493"}],"wp:attachment":[{"href":"https:\/\/www.portisecuiesti.ro\/index.php\/wp-json\/wp\/v2\/media?parent=3491"}],"curies":[{"name":"wp","href":"https:\/\/api.w.org\/{rel}","templated":true}]}}