{"id":3834,"date":"2019-04-25T08:53:13","date_gmt":"2019-04-25T08:53:13","guid":{"rendered":"https:\/\/www.szekelykapuk.ro\/?page_id=3834"},"modified":"2019-04-25T08:53:32","modified_gmt":"2019-04-25T08:53:32","slug":"53-2","status":"publish","type":"page","link":"https:\/\/www.portisecuiesti.ro\/index.php\/53-2\/","title":{"rendered":"53."},"content":{"rendered":"<p><span id=\"fbPhotoSnowliftCaption\" class=\"fbPhotosPhotoCaption\" tabindex=\"0\" aria-live=\"polite\" data-ft=\"{&quot;tn&quot;:&quot;K&quot;}\"><span class=\"hasCaption\">K\u00e1poln\u00e1sfalu, 1 sz\u00e1m. Tulajdonosa: Both Imre. Faragta: J\u00f3zsef Gell\u00e9rt, Vargyas<\/span><\/span><span id=\"fbPhotoSnowliftTagList\" class=\"fbPhotoTagList\"><span class=\"fcg\">\u00a0\u2013 itt:\u00a0<span class=\"fbPhotoTagListTag withTagItem tagItem\"><a id=\"js_7c1\" class=\"taggee\" href=\"https:\/\/www.facebook.com\/pages\/K%C3%A1poln%C3%A1sfalu\/111908342161110\" data-hovercard=\"\/ajax\/hovercard\/page.php?id=111908342161110\" data-hovercard-prefer-more-content-show=\"1\" aria-describedby=\"u_jd_1\" aria-owns=\"js_7by\">K\u00e1poln\u00e1sfalu<\/a><\/span><\/span><\/span><\/p>\n<div class=\"better-gallery-container\"><div id=\"gallery-456610313\" class=\"better-gallery  better-gallery-img-publisher-lg\" data-gallery-id=\"456610313\"> <div class=\"fotorama\" data-nav=\"thumbs\" data-auto=\"false\" data-ratio=\"16\/7\"><div data-thumb=\"https:\/\/www.portisecuiesti.ro\/wp-content\/uploads\/2019\/04\/58419130_1404387279703975_8112491390128095232_o-150x150.jpg\">\n                        <a href=\"https:\/\/www.portisecuiesti.ro\/wp-content\/uploads\/2019\/04\/58419130_1404387279703975_8112491390128095232_o.jpg\" class=\"slide-link\" data-not-rel=\"true\">\n                            <img decoding=\"async\"  data-id=\"3835\" src=\"https:\/\/www.portisecuiesti.ro\/wp-content\/uploads\/2019\/04\/58419130_1404387279703975_8112491390128095232_o-750x430.jpg\">\n                        <\/a>\n                    <div class=\"slide-title-wrap\"><\/div><\/div><div data-thumb=\"https:\/\/www.portisecuiesti.ro\/wp-content\/uploads\/2019\/04\/58701292_1404387186370651_2756368096263405568_n-150x150.jpg\">\n                        <a href=\"https:\/\/www.portisecuiesti.ro\/wp-content\/uploads\/2019\/04\/58701292_1404387186370651_2756368096263405568_n.jpg\" class=\"slide-link\" data-not-rel=\"true\">\n                            <img decoding=\"async\"  data-id=\"3836\" src=\"https:\/\/www.portisecuiesti.ro\/wp-content\/uploads\/2019\/04\/58701292_1404387186370651_2756368096263405568_n-720x430.jpg\">\n                        <\/a>\n                    <div class=\"slide-title-wrap\"><\/div><\/div><div data-thumb=\"https:\/\/www.portisecuiesti.ro\/wp-content\/uploads\/2019\/04\/58372993_1404387256370644_9002705408984350720_o-150x150.jpg\">\n                        <a href=\"https:\/\/www.portisecuiesti.ro\/wp-content\/uploads\/2019\/04\/58372993_1404387256370644_9002705408984350720_o.jpg\" class=\"slide-link\" data-not-rel=\"true\">\n                            <img decoding=\"async\"  data-id=\"3837\" src=\"https:\/\/www.portisecuiesti.ro\/wp-content\/uploads\/2019\/04\/58372993_1404387256370644_9002705408984350720_o-750x430.jpg\">\n                        <\/a>\n                    <div class=\"slide-title-wrap\"><\/div><\/div><div data-thumb=\"https:\/\/www.portisecuiesti.ro\/wp-content\/uploads\/2019\/04\/58462426_1404387203037316_6851793187376201728_n-150x150.jpg\">\n                        <a href=\"https:\/\/www.portisecuiesti.ro\/wp-content\/uploads\/2019\/04\/58462426_1404387203037316_6851793187376201728_n.jpg\" class=\"slide-link\" data-not-rel=\"true\">\n                            <img decoding=\"async\"  data-id=\"3838\" src=\"https:\/\/www.portisecuiesti.ro\/wp-content\/uploads\/2019\/04\/58462426_1404387203037316_6851793187376201728_n-720x430.jpg\">\n                        <\/a>\n                    <div class=\"slide-title-wrap\"><\/div><\/div><div data-thumb=\"https:\/\/www.portisecuiesti.ro\/wp-content\/uploads\/2019\/04\/58377544_1404387273037309_934882688051970048_n-150x150.jpg\">\n                        <a href=\"https:\/\/www.portisecuiesti.ro\/wp-content\/uploads\/2019\/04\/58377544_1404387273037309_934882688051970048_n.jpg\" class=\"slide-link\" data-not-rel=\"true\">\n                            <img decoding=\"async\"  data-id=\"3839\" src=\"https:\/\/www.portisecuiesti.ro\/wp-content\/uploads\/2019\/04\/58377544_1404387273037309_934882688051970048_n-720x430.jpg\">\n                        <\/a>\n                    <div class=\"slide-title-wrap\"><\/div><\/div><div data-thumb=\"https:\/\/www.portisecuiesti.ro\/wp-content\/uploads\/2019\/04\/58599069_1404387159703987_867289012438564864_o-150x150.jpg\">\n                        <a href=\"https:\/\/www.portisecuiesti.ro\/wp-content\/uploads\/2019\/04\/58599069_1404387159703987_867289012438564864_o.jpg\" class=\"slide-link\" data-not-rel=\"true\">\n                            <img decoding=\"async\"  data-id=\"3840\" src=\"https:\/\/www.portisecuiesti.ro\/wp-content\/uploads\/2019\/04\/58599069_1404387159703987_867289012438564864_o-750x430.jpg\">\n                        <\/a>\n                    <div class=\"slide-title-wrap\"><\/div><\/div><\/div><div class=\"gallery-title clearfix\">    <span class=\"prev\"><i class=\"fa fa-angle-left\"><\/i> El\u0151z\u0151<\/span>\n                    <span class=\"count\"><i class=\"current\">1<\/i> A <i class=\"total\">6<\/i><\/span>\n                    <span class=\"next\">K\u00f6vetkez\u0151 <i class=\"fa fa-angle-right\"><\/i><\/span>\n                <\/div><\/div><script>var prt_gal_img_456610313 = [\"https:\\\/\\\/www.portisecuiesti.ro\\\/wp-content\\\/uploads\\\/2019\\\/04\\\/58419130_1404387279703975_8112491390128095232_o.jpg\",\"https:\\\/\\\/www.portisecuiesti.ro\\\/wp-content\\\/uploads\\\/2019\\\/04\\\/58701292_1404387186370651_2756368096263405568_n.jpg\",\"https:\\\/\\\/www.portisecuiesti.ro\\\/wp-content\\\/uploads\\\/2019\\\/04\\\/58372993_1404387256370644_9002705408984350720_o.jpg\",\"https:\\\/\\\/www.portisecuiesti.ro\\\/wp-content\\\/uploads\\\/2019\\\/04\\\/58462426_1404387203037316_6851793187376201728_n.jpg\",\"https:\\\/\\\/www.portisecuiesti.ro\\\/wp-content\\\/uploads\\\/2019\\\/04\\\/58377544_1404387273037309_934882688051970048_n.jpg\",\"https:\\\/\\\/www.portisecuiesti.ro\\\/wp-content\\\/uploads\\\/2019\\\/04\\\/58599069_1404387159703987_867289012438564864_o.jpg\"]; var prt_gal_cap_456610313 = [\"\",\"\",\"\",\"\",\"\",\"\"]; <\/script><\/div>\n","protected":false},"excerpt":{"rendered":"<p>K\u00e1poln\u00e1sfalu, 1 sz\u00e1m. Tulajdonosa: Both Imre. Faragta: J\u00f3zsef Gell\u00e9rt, Vargyas\u00a0\u2013 itt:\u00a0K\u00e1poln\u00e1sfalu<\/p>\n","protected":false},"author":1,"featured_media":0,"parent":0,"menu_order":0,"comment_status":"closed","ping_status":"closed","template":"","meta":{"_bbp_topic_count":0,"_bbp_reply_count":0,"_bbp_total_topic_count":0,"_bbp_total_reply_count":0,"_bbp_voice_count":0,"_bbp_anonymous_reply_count":0,"_bbp_topic_count_hidden":0,"_bbp_reply_count_hidden":0,"_bbp_forum_subforum_count":0,"footnotes":""},"_links":{"self":[{"href":"https:\/\/www.portisecuiesti.ro\/index.php\/wp-json\/wp\/v2\/pages\/3834"}],"collection":[{"href":"https:\/\/www.portisecuiesti.ro\/index.php\/wp-json\/wp\/v2\/pages"}],"about":[{"href":"https:\/\/www.portisecuiesti.ro\/index.php\/wp-json\/wp\/v2\/types\/page"}],"author":[{"embeddable":true,"href":"https:\/\/www.portisecuiesti.ro\/index.php\/wp-json\/wp\/v2\/users\/1"}],"replies":[{"embeddable":true,"href":"https:\/\/www.portisecuiesti.ro\/index.php\/wp-json\/wp\/v2\/comments?post=3834"}],"version-history":[{"count":1,"href":"https:\/\/www.portisecuiesti.ro\/index.php\/wp-json\/wp\/v2\/pages\/3834\/revisions"}],"predecessor-version":[{"id":3841,"href":"https:\/\/www.portisecuiesti.ro\/index.php\/wp-json\/wp\/v2\/pages\/3834\/revisions\/3841"}],"wp:attachment":[{"href":"https:\/\/www.portisecuiesti.ro\/index.php\/wp-json\/wp\/v2\/media?parent=3834"}],"curies":[{"name":"wp","href":"https:\/\/api.w.org\/{rel}","templated":true}]}}