{"id":3931,"date":"2019-10-21T09:17:49","date_gmt":"2019-10-21T09:17:49","guid":{"rendered":"https:\/\/www.szekelykapuk.ro\/?page_id=3931"},"modified":"2019-10-21T09:29:07","modified_gmt":"2019-10-21T09:29:07","slug":"61-2","status":"publish","type":"page","link":"https:\/\/www.portisecuiesti.ro\/index.php\/61-2\/","title":{"rendered":"61."},"content":{"rendered":"<p>Els\u0151 Galambd\u00facos Sz\u00e9kelykapu Hossz\u00faasz\u00f3 40-es h\u00e1zsz\u00e1m alatt<\/p>\n<div class=\"better-gallery-container\"><div id=\"gallery-1079677315\" class=\"better-gallery  better-gallery-img-full\" data-gallery-id=\"1079677315\"> <div class=\"fotorama\" data-nav=\"thumbs\" data-auto=\"false\" data-ratio=\"16\/7\"><div data-thumb=\"https:\/\/www.portisecuiesti.ro\/wp-content\/uploads\/2019\/10\/IMG_20190730_201449.jpg\">\n                        <a href=\"https:\/\/www.portisecuiesti.ro\/wp-content\/uploads\/2019\/10\/IMG_20190730_201449.jpg\" class=\"slide-link\" data-not-rel=\"true\">\n                            <img decoding=\"async\"  data-id=\"3932\" src=\"https:\/\/www.portisecuiesti.ro\/wp-content\/uploads\/2019\/10\/IMG_20190730_201449.jpg\">\n                        <\/a>\n                    <div class=\"slide-title-wrap\"><\/div><\/div><div data-thumb=\"https:\/\/www.portisecuiesti.ro\/wp-content\/uploads\/2019\/10\/IMG_20190730_201500.jpg\">\n                        <a href=\"https:\/\/www.portisecuiesti.ro\/wp-content\/uploads\/2019\/10\/IMG_20190730_201500.jpg\" class=\"slide-link\" data-not-rel=\"true\">\n                            <img decoding=\"async\"  data-id=\"3933\" src=\"https:\/\/www.portisecuiesti.ro\/wp-content\/uploads\/2019\/10\/IMG_20190730_201500.jpg\">\n                        <\/a>\n                    <div class=\"slide-title-wrap\"><\/div><\/div><div data-thumb=\"https:\/\/www.portisecuiesti.ro\/wp-content\/uploads\/2019\/10\/IMG_20190730_201506.jpg\">\n                        <a href=\"https:\/\/www.portisecuiesti.ro\/wp-content\/uploads\/2019\/10\/IMG_20190730_201506.jpg\" class=\"slide-link\" data-not-rel=\"true\">\n                            <img decoding=\"async\"  data-id=\"3934\" src=\"https:\/\/www.portisecuiesti.ro\/wp-content\/uploads\/2019\/10\/IMG_20190730_201506.jpg\">\n                        <\/a>\n                    <div class=\"slide-title-wrap\"><\/div><\/div><div data-thumb=\"https:\/\/www.portisecuiesti.ro\/wp-content\/uploads\/2019\/10\/IMG_20190921_190040.jpg\">\n                        <a href=\"https:\/\/www.portisecuiesti.ro\/wp-content\/uploads\/2019\/10\/IMG_20190921_190040.jpg\" class=\"slide-link\" data-not-rel=\"true\">\n                            <img decoding=\"async\"  data-id=\"3935\" src=\"https:\/\/www.portisecuiesti.ro\/wp-content\/uploads\/2019\/10\/IMG_20190921_190040.jpg\">\n                        <\/a>\n                    <div class=\"slide-title-wrap\"><\/div><\/div><div data-thumb=\"https:\/\/www.portisecuiesti.ro\/wp-content\/uploads\/2019\/10\/IMG_20191013_172542.jpg\">\n                        <a href=\"https:\/\/www.portisecuiesti.ro\/wp-content\/uploads\/2019\/10\/IMG_20191013_172542.jpg\" class=\"slide-link\" data-not-rel=\"true\">\n                            <img decoding=\"async\"  data-id=\"3936\" src=\"https:\/\/www.portisecuiesti.ro\/wp-content\/uploads\/2019\/10\/IMG_20191013_172542.jpg\">\n                        <\/a>\n                    <div class=\"slide-title-wrap\"><\/div><\/div><div data-thumb=\"https:\/\/www.portisecuiesti.ro\/wp-content\/uploads\/2019\/10\/IMG_20191013_172638.jpg\">\n                        <a href=\"https:\/\/www.portisecuiesti.ro\/wp-content\/uploads\/2019\/10\/IMG_20191013_172638.jpg\" class=\"slide-link\" data-not-rel=\"true\">\n                            <img decoding=\"async\"  data-id=\"3937\" src=\"https:\/\/www.portisecuiesti.ro\/wp-content\/uploads\/2019\/10\/IMG_20191013_172638.jpg\">\n                        <\/a>\n                    <div class=\"slide-title-wrap\"><\/div><\/div><div data-thumb=\"https:\/\/www.portisecuiesti.ro\/wp-content\/uploads\/2019\/10\/IMG_20191013_172449.jpg\">\n                        <a href=\"https:\/\/www.portisecuiesti.ro\/wp-content\/uploads\/2019\/10\/IMG_20191013_172449.jpg\" class=\"slide-link\" data-not-rel=\"true\">\n                            <img decoding=\"async\"  data-id=\"3938\" src=\"https:\/\/www.portisecuiesti.ro\/wp-content\/uploads\/2019\/10\/IMG_20191013_172449.jpg\">\n                        <\/a>\n                    <div class=\"slide-title-wrap\"><\/div><\/div><\/div><div class=\"gallery-title clearfix\">    <span class=\"prev\"><i class=\"fa fa-angle-left\"><\/i> El\u0151z\u0151<\/span>\n                    <span class=\"count\"><i class=\"current\">1<\/i> A <i class=\"total\">7<\/i><\/span>\n                    <span class=\"next\">K\u00f6vetkez\u0151 <i class=\"fa fa-angle-right\"><\/i><\/span>\n                <\/div><\/div><script>var prt_gal_img_1079677315 = [\"https:\\\/\\\/www.portisecuiesti.ro\\\/wp-content\\\/uploads\\\/2019\\\/10\\\/IMG_20190730_201449.jpg\",\"https:\\\/\\\/www.portisecuiesti.ro\\\/wp-content\\\/uploads\\\/2019\\\/10\\\/IMG_20190730_201500.jpg\",\"https:\\\/\\\/www.portisecuiesti.ro\\\/wp-content\\\/uploads\\\/2019\\\/10\\\/IMG_20190730_201506.jpg\",\"https:\\\/\\\/www.portisecuiesti.ro\\\/wp-content\\\/uploads\\\/2019\\\/10\\\/IMG_20190921_190040.jpg\",\"https:\\\/\\\/www.portisecuiesti.ro\\\/wp-content\\\/uploads\\\/2019\\\/10\\\/IMG_20191013_172542.jpg\",\"https:\\\/\\\/www.portisecuiesti.ro\\\/wp-content\\\/uploads\\\/2019\\\/10\\\/IMG_20191013_172638.jpg\",\"https:\\\/\\\/www.portisecuiesti.ro\\\/wp-content\\\/uploads\\\/2019\\\/10\\\/IMG_20191013_172449.jpg\"]; var prt_gal_cap_1079677315 = [\"\",\"\",\"\",\"\",\"\",\"\",\"\"]; <\/script><\/div>\n","protected":false},"excerpt":{"rendered":"<p>Els\u0151 Galambd\u00facos Sz\u00e9kelykapu Hossz\u00faasz\u00f3 40-es h\u00e1zsz\u00e1m alatt<\/p>\n","protected":false},"author":1,"featured_media":0,"parent":0,"menu_order":0,"comment_status":"closed","ping_status":"closed","template":"","meta":{"_bbp_topic_count":0,"_bbp_reply_count":0,"_bbp_total_topic_count":0,"_bbp_total_reply_count":0,"_bbp_voice_count":0,"_bbp_anonymous_reply_count":0,"_bbp_topic_count_hidden":0,"_bbp_reply_count_hidden":0,"_bbp_forum_subforum_count":0,"footnotes":""},"_links":{"self":[{"href":"https:\/\/www.portisecuiesti.ro\/index.php\/wp-json\/wp\/v2\/pages\/3931"}],"collection":[{"href":"https:\/\/www.portisecuiesti.ro\/index.php\/wp-json\/wp\/v2\/pages"}],"about":[{"href":"https:\/\/www.portisecuiesti.ro\/index.php\/wp-json\/wp\/v2\/types\/page"}],"author":[{"embeddable":true,"href":"https:\/\/www.portisecuiesti.ro\/index.php\/wp-json\/wp\/v2\/users\/1"}],"replies":[{"embeddable":true,"href":"https:\/\/www.portisecuiesti.ro\/index.php\/wp-json\/wp\/v2\/comments?post=3931"}],"version-history":[{"count":4,"href":"https:\/\/www.portisecuiesti.ro\/index.php\/wp-json\/wp\/v2\/pages\/3931\/revisions"}],"predecessor-version":[{"id":3943,"href":"https:\/\/www.portisecuiesti.ro\/index.php\/wp-json\/wp\/v2\/pages\/3931\/revisions\/3943"}],"wp:attachment":[{"href":"https:\/\/www.portisecuiesti.ro\/index.php\/wp-json\/wp\/v2\/media?parent=3931"}],"curies":[{"name":"wp","href":"https:\/\/api.w.org\/{rel}","templated":true}]}}